{"id":13471,"date":"2026-03-18T06:22:57","date_gmt":"2026-03-18T06:22:57","guid":{"rendered":"https:\/\/marketitems.shop\/?post_type=product&#038;p=13471"},"modified":"2026-03-18T06:34:31","modified_gmt":"2026-03-18T06:34:31","slug":"resorte-automatico-para-cajuela-instalacion-sin-danos-compatible-con-autos-sedan","status":"publish","type":"product","link":"https:\/\/marketitems.shop\/es\/product\/resorte-automatico-para-cajuela-instalacion-sin-danos-compatible-con-autos-sedan\/","title":{"rendered":"Resorte autom\u00e1tico para cajuela, instalaci\u00f3n sin da\u00f1os, compatible con autos sed\u00e1n"},"content":{"rendered":"<div data-elementor-type=\"product-post\" data-elementor-id=\"13471\" class=\"elementor elementor-13471\" data-elementor-post-type=\"product\">\n\t\t\t\t<div class=\"elementor-element elementor-element-2c962386 e-flex e-con-boxed e-con e-parent\" data-id=\"2c962386\" data-element_type=\"container\" data-settings=\"{&quot;ekit_has_onepagescroll_dot&quot;:&quot;yes&quot;}\">\n\t\t\t\t\t<div class=\"e-con-inner\">\n\t\t<div class=\"elementor-element elementor-element-692a5dc9 e-grid e-con-full e-con e-child\" data-id=\"692a5dc9\" data-element_type=\"container\" data-settings=\"{&quot;ekit_has_onepagescroll_dot&quot;:&quot;yes&quot;}\">\n\t\t\t\t<div class=\"elementor-element elementor-element-456e6e elementor-widget elementor-widget-image\" data-id=\"456e6e\" data-element_type=\"widget\" data-settings=\"{&quot;ekit_we_effect_on&quot;:&quot;none&quot;}\" data-widget_type=\"image.default\">\n\t\t\t\t<div class=\"elementor-widget-container\">\n\t\t\t\t\t\t\t\t\t\t\t\t\t\t\t<img loading=\"lazy\" decoding=\"async\" width=\"1600\" height=\"1600\" src=\"https:\/\/marketitems.shop\/wp-content\/uploads\/2026\/03\/1-55.jpg\" class=\"attachment-full size-full wp-image-13481 wvs-archive-product-image\" alt=\"\" srcset=\"https:\/\/marketitems.shop\/wp-content\/uploads\/2026\/03\/1-55.jpg 1600w, https:\/\/marketitems.shop\/wp-content\/uploads\/2026\/03\/1-55-300x300.jpg 300w, https:\/\/marketitems.shop\/wp-content\/uploads\/2026\/03\/1-55-1024x1024.jpg 1024w, https:\/\/marketitems.shop\/wp-content\/uploads\/2026\/03\/1-55-150x150.jpg 150w, https:\/\/marketitems.shop\/wp-content\/uploads\/2026\/03\/1-55-768x768.jpg 768w, https:\/\/marketitems.shop\/wp-content\/uploads\/2026\/03\/1-55-1536x1536.jpg 1536w, https:\/\/marketitems.shop\/wp-content\/uploads\/2026\/03\/1-55-12x12.jpg 12w, https:\/\/marketitems.shop\/wp-content\/uploads\/2026\/03\/1-55-600x600.jpg 600w, https:\/\/marketitems.shop\/wp-content\/uploads\/2026\/03\/1-55-100x100.jpg 100w, https:\/\/marketitems.shop\/wp-content\/uploads\/2026\/03\/1-55-50x50.jpg 50w, https:\/\/marketitems.shop\/wp-content\/uploads\/2026\/03\/1-55-1x1.jpg 1w, https:\/\/marketitems.shop\/wp-content\/uploads\/2026\/03\/1-55-10x10.jpg 10w\" sizes=\"auto, (max-width: 1600px) 100vw, 1600px\" \/>\t\t\t\t\t\t\t\t\t\t\t\t\t\t\t<\/div>\n\t\t\t\t<\/div>\n\t\t\t\t<div class=\"elementor-element elementor-element-1e215b33 elementor-widget elementor-widget-image\" data-id=\"1e215b33\" data-element_type=\"widget\" data-settings=\"{&quot;ekit_we_effect_on&quot;:&quot;none&quot;}\" data-widget_type=\"image.default\">\n\t\t\t\t<div class=\"elementor-widget-container\">\n\t\t\t\t\t\t\t\t\t\t\t\t\t\t\t<img loading=\"lazy\" decoding=\"async\" width=\"1500\" height=\"1426\" src=\"https:\/\/marketitems.shop\/wp-content\/uploads\/2026\/03\/71fs7KLLQ7L._AC_SL1500_-1.jpg\" class=\"attachment-full size-full wp-image-13482 wvs-archive-product-image\" alt=\"\" srcset=\"https:\/\/marketitems.shop\/wp-content\/uploads\/2026\/03\/71fs7KLLQ7L._AC_SL1500_-1.jpg 1500w, https:\/\/marketitems.shop\/wp-content\/uploads\/2026\/03\/71fs7KLLQ7L._AC_SL1500_-1-300x285.jpg 300w, https:\/\/marketitems.shop\/wp-content\/uploads\/2026\/03\/71fs7KLLQ7L._AC_SL1500_-1-1024x973.jpg 1024w, https:\/\/marketitems.shop\/wp-content\/uploads\/2026\/03\/71fs7KLLQ7L._AC_SL1500_-1-768x730.jpg 768w, https:\/\/marketitems.shop\/wp-content\/uploads\/2026\/03\/71fs7KLLQ7L._AC_SL1500_-1-13x12.jpg 13w, https:\/\/marketitems.shop\/wp-content\/uploads\/2026\/03\/71fs7KLLQ7L._AC_SL1500_-1-600x570.jpg 600w, https:\/\/marketitems.shop\/wp-content\/uploads\/2026\/03\/71fs7KLLQ7L._AC_SL1500_-1-1x1.jpg 1w, https:\/\/marketitems.shop\/wp-content\/uploads\/2026\/03\/71fs7KLLQ7L._AC_SL1500_-1-10x10.jpg 10w\" sizes=\"auto, (max-width: 1500px) 100vw, 1500px\" \/>\t\t\t\t\t\t\t\t\t\t\t\t\t\t\t<\/div>\n\t\t\t\t<\/div>\n\t\t\t\t<\/div>\n\t\t\t\t<div class=\"elementor-element elementor-element-2b6b8255 elementor-widget elementor-widget-image\" data-id=\"2b6b8255\" data-element_type=\"widget\" data-settings=\"{&quot;ekit_we_effect_on&quot;:&quot;none&quot;}\" data-widget_type=\"image.default\">\n\t\t\t\t<div class=\"elementor-widget-container\">\n\t\t\t\t\t\t\t\t\t\t\t\t\t\t\t<img loading=\"lazy\" decoding=\"async\" width=\"1500\" height=\"1499\" src=\"https:\/\/marketitems.shop\/wp-content\/uploads\/2026\/03\/71Hr98gicLL._AC_SL1500_.jpg\" class=\"attachment-full size-full wp-image-13483 wvs-archive-product-image\" alt=\"\" srcset=\"https:\/\/marketitems.shop\/wp-content\/uploads\/2026\/03\/71Hr98gicLL._AC_SL1500_.jpg 1500w, https:\/\/marketitems.shop\/wp-content\/uploads\/2026\/03\/71Hr98gicLL._AC_SL1500_-300x300.jpg 300w, https:\/\/marketitems.shop\/wp-content\/uploads\/2026\/03\/71Hr98gicLL._AC_SL1500_-1024x1024.jpg 1024w, https:\/\/marketitems.shop\/wp-content\/uploads\/2026\/03\/71Hr98gicLL._AC_SL1500_-150x150.jpg 150w, https:\/\/marketitems.shop\/wp-content\/uploads\/2026\/03\/71Hr98gicLL._AC_SL1500_-768x767.jpg 768w, https:\/\/marketitems.shop\/wp-content\/uploads\/2026\/03\/71Hr98gicLL._AC_SL1500_-12x12.jpg 12w, https:\/\/marketitems.shop\/wp-content\/uploads\/2026\/03\/71Hr98gicLL._AC_SL1500_-600x600.jpg 600w, https:\/\/marketitems.shop\/wp-content\/uploads\/2026\/03\/71Hr98gicLL._AC_SL1500_-100x100.jpg 100w, https:\/\/marketitems.shop\/wp-content\/uploads\/2026\/03\/71Hr98gicLL._AC_SL1500_-50x50.jpg 50w, https:\/\/marketitems.shop\/wp-content\/uploads\/2026\/03\/71Hr98gicLL._AC_SL1500_-1x1.jpg 1w, https:\/\/marketitems.shop\/wp-content\/uploads\/2026\/03\/71Hr98gicLL._AC_SL1500_-10x10.jpg 10w\" sizes=\"auto, (max-width: 1500px) 100vw, 1500px\" \/>\t\t\t\t\t\t\t\t\t\t\t\t\t\t\t<\/div>\n\t\t\t\t<\/div>\n\t\t\t\t<div class=\"elementor-element elementor-element-29082008 elementor-widget elementor-widget-image\" data-id=\"29082008\" data-element_type=\"widget\" data-settings=\"{&quot;ekit_we_effect_on&quot;:&quot;none&quot;}\" data-widget_type=\"image.default\">\n\t\t\t\t<div class=\"elementor-widget-container\">\n\t\t\t\t\t\t\t\t\t\t\t\t\t\t\t<img loading=\"lazy\" decoding=\"async\" width=\"1500\" height=\"1500\" src=\"https:\/\/marketitems.shop\/wp-content\/uploads\/2026\/03\/71CRzxPsjQL._AC_SL1500_-1.jpg\" class=\"attachment-full size-full wp-image-13484 wvs-archive-product-image\" alt=\"\" srcset=\"https:\/\/marketitems.shop\/wp-content\/uploads\/2026\/03\/71CRzxPsjQL._AC_SL1500_-1.jpg 1500w, https:\/\/marketitems.shop\/wp-content\/uploads\/2026\/03\/71CRzxPsjQL._AC_SL1500_-1-300x300.jpg 300w, https:\/\/marketitems.shop\/wp-content\/uploads\/2026\/03\/71CRzxPsjQL._AC_SL1500_-1-1024x1024.jpg 1024w, https:\/\/marketitems.shop\/wp-content\/uploads\/2026\/03\/71CRzxPsjQL._AC_SL1500_-1-150x150.jpg 150w, https:\/\/marketitems.shop\/wp-content\/uploads\/2026\/03\/71CRzxPsjQL._AC_SL1500_-1-768x768.jpg 768w, https:\/\/marketitems.shop\/wp-content\/uploads\/2026\/03\/71CRzxPsjQL._AC_SL1500_-1-12x12.jpg 12w, https:\/\/marketitems.shop\/wp-content\/uploads\/2026\/03\/71CRzxPsjQL._AC_SL1500_-1-600x600.jpg 600w, https:\/\/marketitems.shop\/wp-content\/uploads\/2026\/03\/71CRzxPsjQL._AC_SL1500_-1-100x100.jpg 100w, https:\/\/marketitems.shop\/wp-content\/uploads\/2026\/03\/71CRzxPsjQL._AC_SL1500_-1-50x50.jpg 50w, https:\/\/marketitems.shop\/wp-content\/uploads\/2026\/03\/71CRzxPsjQL._AC_SL1500_-1-1x1.jpg 1w, https:\/\/marketitems.shop\/wp-content\/uploads\/2026\/03\/71CRzxPsjQL._AC_SL1500_-1-10x10.jpg 10w\" sizes=\"auto, (max-width: 1500px) 100vw, 1500px\" \/>\t\t\t\t\t\t\t\t\t\t\t\t\t\t\t<\/div>\n\t\t\t\t<\/div>\n\t\t\t\t<div class=\"elementor-element elementor-element-573e8b32 elementor-widget elementor-widget-image\" data-id=\"573e8b32\" data-element_type=\"widget\" data-settings=\"{&quot;ekit_we_effect_on&quot;:&quot;none&quot;}\" data-widget_type=\"image.default\">\n\t\t\t\t<div class=\"elementor-widget-container\">\n\t\t\t\t\t\t\t\t\t\t\t\t\t\t\t<img loading=\"lazy\" decoding=\"async\" width=\"1600\" height=\"1600\" src=\"https:\/\/marketitems.shop\/wp-content\/uploads\/2026\/03\/4-28.jpg\" class=\"attachment-full size-full wp-image-13485 wvs-archive-product-image\" alt=\"\" srcset=\"https:\/\/marketitems.shop\/wp-content\/uploads\/2026\/03\/4-28.jpg 1600w, https:\/\/marketitems.shop\/wp-content\/uploads\/2026\/03\/4-28-300x300.jpg 300w, https:\/\/marketitems.shop\/wp-content\/uploads\/2026\/03\/4-28-1024x1024.jpg 1024w, https:\/\/marketitems.shop\/wp-content\/uploads\/2026\/03\/4-28-150x150.jpg 150w, https:\/\/marketitems.shop\/wp-content\/uploads\/2026\/03\/4-28-768x768.jpg 768w, https:\/\/marketitems.shop\/wp-content\/uploads\/2026\/03\/4-28-1536x1536.jpg 1536w, https:\/\/marketitems.shop\/wp-content\/uploads\/2026\/03\/4-28-12x12.jpg 12w, https:\/\/marketitems.shop\/wp-content\/uploads\/2026\/03\/4-28-600x600.jpg 600w, https:\/\/marketitems.shop\/wp-content\/uploads\/2026\/03\/4-28-100x100.jpg 100w, https:\/\/marketitems.shop\/wp-content\/uploads\/2026\/03\/4-28-50x50.jpg 50w, https:\/\/marketitems.shop\/wp-content\/uploads\/2026\/03\/4-28-1x1.jpg 1w, https:\/\/marketitems.shop\/wp-content\/uploads\/2026\/03\/4-28-10x10.jpg 10w\" sizes=\"auto, (max-width: 1600px) 100vw, 1600px\" \/>\t\t\t\t\t\t\t\t\t\t\t\t\t\t\t<\/div>\n\t\t\t\t<\/div>\n\t\t<div class=\"elementor-element elementor-element-f0ece59 e-grid e-con-full e-con e-child\" data-id=\"f0ece59\" data-element_type=\"container\" data-settings=\"{&quot;ekit_has_onepagescroll_dot&quot;:&quot;yes&quot;}\">\n\t\t\t\t<div class=\"elementor-element elementor-element-3a9246b2 elementor-widget elementor-widget-image\" data-id=\"3a9246b2\" data-element_type=\"widget\" data-settings=\"{&quot;ekit_we_effect_on&quot;:&quot;none&quot;}\" data-widget_type=\"image.default\">\n\t\t\t\t<div class=\"elementor-widget-container\">\n\t\t\t\t\t\t\t\t\t\t\t\t\t\t\t<img loading=\"lazy\" decoding=\"async\" width=\"1600\" height=\"1600\" src=\"https:\/\/marketitems.shop\/wp-content\/uploads\/2026\/03\/2-33.jpg\" class=\"attachment-full size-full wp-image-13486 wvs-archive-product-image\" alt=\"\" srcset=\"https:\/\/marketitems.shop\/wp-content\/uploads\/2026\/03\/2-33.jpg 1600w, https:\/\/marketitems.shop\/wp-content\/uploads\/2026\/03\/2-33-300x300.jpg 300w, https:\/\/marketitems.shop\/wp-content\/uploads\/2026\/03\/2-33-1024x1024.jpg 1024w, https:\/\/marketitems.shop\/wp-content\/uploads\/2026\/03\/2-33-150x150.jpg 150w, https:\/\/marketitems.shop\/wp-content\/uploads\/2026\/03\/2-33-768x768.jpg 768w, https:\/\/marketitems.shop\/wp-content\/uploads\/2026\/03\/2-33-1536x1536.jpg 1536w, https:\/\/marketitems.shop\/wp-content\/uploads\/2026\/03\/2-33-12x12.jpg 12w, https:\/\/marketitems.shop\/wp-content\/uploads\/2026\/03\/2-33-600x600.jpg 600w, https:\/\/marketitems.shop\/wp-content\/uploads\/2026\/03\/2-33-100x100.jpg 100w, https:\/\/marketitems.shop\/wp-content\/uploads\/2026\/03\/2-33-50x50.jpg 50w, https:\/\/marketitems.shop\/wp-content\/uploads\/2026\/03\/2-33-1x1.jpg 1w, https:\/\/marketitems.shop\/wp-content\/uploads\/2026\/03\/2-33-10x10.jpg 10w\" sizes=\"auto, (max-width: 1600px) 100vw, 1600px\" \/>\t\t\t\t\t\t\t\t\t\t\t\t\t\t\t<\/div>\n\t\t\t\t<\/div>\n\t\t\t\t<div class=\"elementor-element elementor-element-292d8353 elementor-widget elementor-widget-image\" data-id=\"292d8353\" data-element_type=\"widget\" data-settings=\"{&quot;ekit_we_effect_on&quot;:&quot;none&quot;}\" data-widget_type=\"image.default\">\n\t\t\t\t<div class=\"elementor-widget-container\">\n\t\t\t\t\t\t\t\t\t\t\t\t\t\t\t<img loading=\"lazy\" decoding=\"async\" width=\"1600\" height=\"1600\" src=\"https:\/\/marketitems.shop\/wp-content\/uploads\/2026\/03\/3-35.jpg\" class=\"attachment-full size-full wp-image-13487 wvs-archive-product-image\" alt=\"\" srcset=\"https:\/\/marketitems.shop\/wp-content\/uploads\/2026\/03\/3-35.jpg 1600w, https:\/\/marketitems.shop\/wp-content\/uploads\/2026\/03\/3-35-300x300.jpg 300w, https:\/\/marketitems.shop\/wp-content\/uploads\/2026\/03\/3-35-1024x1024.jpg 1024w, https:\/\/marketitems.shop\/wp-content\/uploads\/2026\/03\/3-35-150x150.jpg 150w, https:\/\/marketitems.shop\/wp-content\/uploads\/2026\/03\/3-35-768x768.jpg 768w, https:\/\/marketitems.shop\/wp-content\/uploads\/2026\/03\/3-35-1536x1536.jpg 1536w, https:\/\/marketitems.shop\/wp-content\/uploads\/2026\/03\/3-35-12x12.jpg 12w, https:\/\/marketitems.shop\/wp-content\/uploads\/2026\/03\/3-35-600x600.jpg 600w, https:\/\/marketitems.shop\/wp-content\/uploads\/2026\/03\/3-35-100x100.jpg 100w, https:\/\/marketitems.shop\/wp-content\/uploads\/2026\/03\/3-35-50x50.jpg 50w, https:\/\/marketitems.shop\/wp-content\/uploads\/2026\/03\/3-35-1x1.jpg 1w, https:\/\/marketitems.shop\/wp-content\/uploads\/2026\/03\/3-35-10x10.jpg 10w\" sizes=\"auto, (max-width: 1600px) 100vw, 1600px\" \/>\t\t\t\t\t\t\t\t\t\t\t\t\t\t\t<\/div>\n\t\t\t\t<\/div>\n\t\t\t\t<div class=\"elementor-element elementor-element-2d371905 elementor-widget elementor-widget-image\" data-id=\"2d371905\" data-element_type=\"widget\" data-settings=\"{&quot;ekit_we_effect_on&quot;:&quot;none&quot;}\" data-widget_type=\"image.default\">\n\t\t\t\t<div class=\"elementor-widget-container\">\n\t\t\t\t\t\t\t\t\t\t\t\t\t\t\t<img loading=\"lazy\" decoding=\"async\" width=\"1600\" height=\"1600\" src=\"https:\/\/marketitems.shop\/wp-content\/uploads\/2026\/03\/4-29.jpg\" class=\"attachment-full size-full wp-image-13488 wvs-archive-product-image\" alt=\"\" srcset=\"https:\/\/marketitems.shop\/wp-content\/uploads\/2026\/03\/4-29.jpg 1600w, https:\/\/marketitems.shop\/wp-content\/uploads\/2026\/03\/4-29-300x300.jpg 300w, https:\/\/marketitems.shop\/wp-content\/uploads\/2026\/03\/4-29-1024x1024.jpg 1024w, https:\/\/marketitems.shop\/wp-content\/uploads\/2026\/03\/4-29-150x150.jpg 150w, https:\/\/marketitems.shop\/wp-content\/uploads\/2026\/03\/4-29-768x768.jpg 768w, https:\/\/marketitems.shop\/wp-content\/uploads\/2026\/03\/4-29-1536x1536.jpg 1536w, https:\/\/marketitems.shop\/wp-content\/uploads\/2026\/03\/4-29-12x12.jpg 12w, https:\/\/marketitems.shop\/wp-content\/uploads\/2026\/03\/4-29-600x600.jpg 600w, https:\/\/marketitems.shop\/wp-content\/uploads\/2026\/03\/4-29-100x100.jpg 100w, https:\/\/marketitems.shop\/wp-content\/uploads\/2026\/03\/4-29-50x50.jpg 50w, https:\/\/marketitems.shop\/wp-content\/uploads\/2026\/03\/4-29-1x1.jpg 1w, https:\/\/marketitems.shop\/wp-content\/uploads\/2026\/03\/4-29-10x10.jpg 10w\" sizes=\"auto, (max-width: 1600px) 100vw, 1600px\" \/>\t\t\t\t\t\t\t\t\t\t\t\t\t\t\t<\/div>\n\t\t\t\t<\/div>\n\t\t\t\t<\/div>\n\t\t\t\t<div class=\"elementor-element elementor-element-d276e20 elementor-widget elementor-widget-text-editor\" data-id=\"d276e20\" data-element_type=\"widget\" data-settings=\"{&quot;ekit_we_effect_on&quot;:&quot;none&quot;}\" data-widget_type=\"text-editor.default\">\n\t\t\t\t<div class=\"elementor-widget-container\">\n\t\t\t\t\t\t\t\t\t<!DOCTYPE html>\n<html lang=\"en\">\n<head>\n    <meta charset=\"UTF-8\">\n    <meta name=\"viewport\" content=\"width=device-width, initial-scale=1.0\">\n    <title>Technical Specifications<\/title>\n    <style>\n        * {\n            margin: 0;\n            padding: 0;\n            box-sizing: border-box;\n            font-family: Arial, sans-serif;\n        }\n        \n        body {\n            padding: 20px;\n        }\n        \n        .specifications-table {\n            width: 100%;\n            max-width: 800px;\n            margin: 0 auto;\n        }\n        \n        .spec-row {\n            display: flex;\n        }\n        \n        .spec-label, .spec-value {\n            padding: 12px 8px;\n            text-align: left;\n            border-bottom: 1px solid #000;\n        }\n        \n        .spec-label {\n            font-weight: bold;\n            width: 40%;\n        }\n        \n        .spec-value {\n            width: 60%;\n        }\n    <\/style>\n<\/head>\n<body>\n    <div class=\"specifications-table\">\n        <div class=\"spec-row\">\n            <div class=\"spec-label\">Modelo<\/div>\n            <div class=\"spec-value\">Piezas de suspensi\u00f3n<\/div>\n        <\/div>\n        <div class=\"spec-row\">\n            <div class=\"spec-label\">N\u00famero de modelo<\/div>\n            <div class=\"spec-value\">1<\/div>\n        <\/div>\n        <div class=\"spec-row\">\n            <div class=\"spec-label\">Anchura de la llanta<\/div>\n            <div class=\"spec-value\">2 cent\u00edmetros<\/div>\n        <\/div>\n        <div class=\"spec-row\">\n            <div class=\"spec-label\">Dimensiones del art\u00edculo L x A x A<\/div>\n            <div class=\"spec-value\">17 x 2 x 2 cm<\/div>\n        <\/div>\n        <div class=\"spec-row\">\n            <div class=\"spec-label\">Color<\/div>\n            <div class=\"spec-value\">Plata<\/div>\n        <\/div>\n        <div class=\"spec-row\">\n            <div class=\"spec-label\">Peso del art\u00edculo<\/div>\n            <div class=\"spec-value\">240 g<\/div>\n        <\/div>\n    <\/div>\n<\/body>\n<\/html>\t\t\t\t\t\t\t\t<\/div>\n\t\t\t\t<\/div>\n\t\t\t\t\t<\/div>\n\t\t\t\t<\/div>\n\t\t\t\t<\/div>","protected":false},"excerpt":{"rendered":"<p>Technical Specifications Model Suspension Parts Item Model Number 1 Rim Width 2 Centimeters Item Dimensions L x W x H&#8230;<\/p>","protected":false},"featured_media":13472,"comment_status":"open","ping_status":"closed","template":"","meta":{"_acf_changed":false},"etheme_brands":[],"product_brand":[],"product_cat":[118],"product_tag":[],"class_list":{"0":"post-13471","1":"product","2":"type-product","3":"status-publish","4":"has-post-thumbnail","6":"product_cat-sale-shop","8":"first","9":"instock","10":"sale","11":"shipping-taxable","12":"purchasable","13":"product-type-simple"},"acf":[],"_links":{"self":[{"href":"https:\/\/marketitems.shop\/es\/wp-json\/wp\/v2\/product\/13471","targetHints":{"allow":["GET"]}}],"collection":[{"href":"https:\/\/marketitems.shop\/es\/wp-json\/wp\/v2\/product"}],"about":[{"href":"https:\/\/marketitems.shop\/es\/wp-json\/wp\/v2\/types\/product"}],"replies":[{"embeddable":true,"href":"https:\/\/marketitems.shop\/es\/wp-json\/wp\/v2\/comments?post=13471"}],"version-history":[{"count":4,"href":"https:\/\/marketitems.shop\/es\/wp-json\/wp\/v2\/product\/13471\/revisions"}],"predecessor-version":[{"id":13496,"href":"https:\/\/marketitems.shop\/es\/wp-json\/wp\/v2\/product\/13471\/revisions\/13496"}],"wp:featuredmedia":[{"embeddable":true,"href":"https:\/\/marketitems.shop\/es\/wp-json\/wp\/v2\/media\/13472"}],"wp:attachment":[{"href":"https:\/\/marketitems.shop\/es\/wp-json\/wp\/v2\/media?parent=13471"}],"wp:term":[{"taxonomy":"brand","embeddable":true,"href":"https:\/\/marketitems.shop\/es\/wp-json\/wp\/v2\/etheme_brands?post=13471"},{"taxonomy":"product_brand","embeddable":true,"href":"https:\/\/marketitems.shop\/es\/wp-json\/wp\/v2\/product_brand?post=13471"},{"taxonomy":"product_cat","embeddable":true,"href":"https:\/\/marketitems.shop\/es\/wp-json\/wp\/v2\/product_cat?post=13471"},{"taxonomy":"product_tag","embeddable":true,"href":"https:\/\/marketitems.shop\/es\/wp-json\/wp\/v2\/product_tag?post=13471"}],"curies":[{"name":"wp","href":"https:\/\/api.w.org\/{rel}","templated":true}]}}