{"id":13433,"date":"2026-03-13T03:14:57","date_gmt":"2026-03-13T03:14:57","guid":{"rendered":"https:\/\/marketitems.shop\/?post_type=product&#038;p=13433"},"modified":"2026-03-13T03:20:30","modified_gmt":"2026-03-13T03:20:30","slug":"silicone-kitchen-cooking-utensils-set-12pcs-set-including-spatula-spoon-tongs-whisk-basting-brush-cooking-utensils-set-with-storage-basket-kitchen-utensils-set","status":"publish","type":"product","link":"https:\/\/marketitems.shop\/es\/product\/silicone-kitchen-cooking-utensils-set-12pcs-set-including-spatula-spoon-tongs-whisk-basting-brush-cooking-utensils-set-with-storage-basket-kitchen-utensils-set\/","title":{"rendered":"Juego de utensilios de cocina de silicona, 12 piezas\/set, incluye esp\u00e1tula, cuchara, pinzas, batidor, pincel para hilvanar, juego de utensilios de cocina con cesta de almacenamiento, juego de utensilios de cocina"},"content":{"rendered":"<div data-elementor-type=\"product-post\" data-elementor-id=\"13433\" class=\"elementor elementor-13433\" data-elementor-post-type=\"product\">\n\t\t\t\t<div class=\"elementor-element elementor-element-23d6bb74 e-flex e-con-boxed e-con e-parent\" data-id=\"23d6bb74\" data-element_type=\"container\" data-settings=\"{&quot;ekit_has_onepagescroll_dot&quot;:&quot;yes&quot;}\">\n\t\t\t\t\t<div class=\"e-con-inner\">\n\t\t\t\t<div class=\"elementor-element elementor-element-3571cd24 elementor-widget elementor-widget-video\" data-id=\"3571cd24\" data-element_type=\"widget\" data-settings=\"{&quot;video_type&quot;:&quot;hosted&quot;,&quot;controls&quot;:&quot;yes&quot;,&quot;ekit_we_effect_on&quot;:&quot;none&quot;}\" data-widget_type=\"video.default\">\n\t\t\t\t<div class=\"elementor-widget-container\">\n\t\t\t\t\t\t\t<div class=\"e-hosted-video elementor-wrapper elementor-open-inline\">\n\t\t\t\t\t<video class=\"elementor-video\" src=\"https:\/\/marketitems.shop\/wp-content\/uploads\/2026\/03\/shipin-.mp4\" controls=\"\" preload=\"metadata\" controlslist=\"nodownload\"><\/video>\n\t\t\t\t<\/div>\n\t\t\t\t\t\t<\/div>\n\t\t\t\t<\/div>\n\t\t\t\t<div class=\"elementor-element elementor-element-543fd2a4 elementor-widget elementor-widget-text-editor\" data-id=\"543fd2a4\" data-element_type=\"widget\" data-settings=\"{&quot;ekit_we_effect_on&quot;:&quot;none&quot;}\" data-widget_type=\"text-editor.default\">\n\t\t\t\t<div class=\"elementor-widget-container\">\n\t\t\t\t\t\t\t\t\t<p>Lorem ipsum dolor sit amet, consectetur adipiscing elit. Ut elit tellus, luctus nec ullamcorper mattis, pulvinar dapibus leo.<\/p>\t\t\t\t\t\t\t\t<\/div>\n\t\t\t\t<\/div>\n\t\t\t\t<div class=\"elementor-element elementor-element-28fb9783 elementor-widget elementor-widget-image\" data-id=\"28fb9783\" data-element_type=\"widget\" data-settings=\"{&quot;ekit_we_effect_on&quot;:&quot;none&quot;}\" data-widget_type=\"image.default\">\n\t\t\t\t<div class=\"elementor-widget-container\">\n\t\t\t\t\t\t\t\t\t\t\t\t\t\t\t<img loading=\"lazy\" decoding=\"async\" width=\"970\" height=\"600\" src=\"https:\/\/marketitems.shop\/wp-content\/uploads\/2026\/03\/14.jpg\" class=\"attachment-large size-large wp-image-13453 wvs-archive-product-image\" alt=\"\" srcset=\"https:\/\/marketitems.shop\/wp-content\/uploads\/2026\/03\/14.jpg 970w, https:\/\/marketitems.shop\/wp-content\/uploads\/2026\/03\/14-300x186.jpg 300w, https:\/\/marketitems.shop\/wp-content\/uploads\/2026\/03\/14-768x475.jpg 768w, https:\/\/marketitems.shop\/wp-content\/uploads\/2026\/03\/14-18x12.jpg 18w, https:\/\/marketitems.shop\/wp-content\/uploads\/2026\/03\/14-600x371.jpg 600w, https:\/\/marketitems.shop\/wp-content\/uploads\/2026\/03\/14-1x1.jpg 1w, https:\/\/marketitems.shop\/wp-content\/uploads\/2026\/03\/14-10x6.jpg 10w\" sizes=\"auto, (max-width: 970px) 100vw, 970px\" \/>\t\t\t\t\t\t\t\t\t\t\t\t\t\t\t<\/div>\n\t\t\t\t<\/div>\n\t\t\t\t<div class=\"elementor-element elementor-element-38b3e62f elementor-widget elementor-widget-text-editor\" data-id=\"38b3e62f\" data-element_type=\"widget\" data-settings=\"{&quot;ekit_we_effect_on&quot;:&quot;none&quot;}\" data-widget_type=\"text-editor.default\">\n\t\t\t\t<div class=\"elementor-widget-container\">\n\t\t\t\t\t\t\t\t\t<h5 style=\"text-align: left;\"><strong>Silicona alimentaria<\/strong><br \/>Cada utensilio de cocina est\u00e1 fabricado \u00edntegramente en silicona de calidad alimentaria e inodora. Sabemos que se trata de un problema de salud que le preocupa a usted y a su familia, y tambi\u00e9n es la preocupaci\u00f3n m\u00e1s importante de todos los consumidores. Por eso controlamos estrictamente la producci\u00f3n y la calidad de este juego de utensilios de cocina de silicona. Nota: Antes del primer uso, puede exponerlo al aire durante una hora o sumergirlo en agua limpia durante media hora, y el olor original de la silicona desaparecer\u00e1.<\/h5>\t\t\t\t\t\t\t\t<\/div>\n\t\t\t\t<\/div>\n\t\t\t\t<div class=\"elementor-element elementor-element-7ea0f264 elementor-widget elementor-widget-image\" data-id=\"7ea0f264\" data-element_type=\"widget\" data-settings=\"{&quot;ekit_we_effect_on&quot;:&quot;none&quot;}\" data-widget_type=\"image.default\">\n\t\t\t\t<div class=\"elementor-widget-container\">\n\t\t\t\t\t\t\t\t\t\t\t\t\t\t\t<img loading=\"lazy\" decoding=\"async\" width=\"970\" height=\"600\" src=\"https:\/\/marketitems.shop\/wp-content\/uploads\/2026\/03\/15.jpg\" class=\"attachment-large size-large wp-image-13454 wvs-archive-product-image\" alt=\"\" srcset=\"https:\/\/marketitems.shop\/wp-content\/uploads\/2026\/03\/15.jpg 970w, https:\/\/marketitems.shop\/wp-content\/uploads\/2026\/03\/15-300x186.jpg 300w, https:\/\/marketitems.shop\/wp-content\/uploads\/2026\/03\/15-768x475.jpg 768w, https:\/\/marketitems.shop\/wp-content\/uploads\/2026\/03\/15-18x12.jpg 18w, https:\/\/marketitems.shop\/wp-content\/uploads\/2026\/03\/15-600x371.jpg 600w, https:\/\/marketitems.shop\/wp-content\/uploads\/2026\/03\/15-1x1.jpg 1w, https:\/\/marketitems.shop\/wp-content\/uploads\/2026\/03\/15-10x6.jpg 10w\" sizes=\"auto, (max-width: 970px) 100vw, 970px\" \/>\t\t\t\t\t\t\t\t\t\t\t\t\t\t\t<\/div>\n\t\t\t\t<\/div>\n\t\t\t\t<div class=\"elementor-element elementor-element-202e07da elementor-widget elementor-widget-text-editor\" data-id=\"202e07da\" data-element_type=\"widget\" data-settings=\"{&quot;ekit_we_effect_on&quot;:&quot;none&quot;}\" data-widget_type=\"text-editor.default\">\n\t\t\t\t<div class=\"elementor-widget-container\">\n\t\t\t\t\t\t\t\t\t<h4 class=\"a-spacing-mini\">Juego de 12 utensilios de cocina<\/h4><h5 class=\"a-spacing-base\">Este juego de utensilios de cocina de silicona incluye: 1 cuchar\u00f3n, 1 tenedor para pasta, 1 cuchara, 1 cuchara ranurada, 1 pinza de cocina, 1 volteador ranurado, 1 batidor, 1 pincel, 1 esp\u00e1tula grande y 1 cuchara.<\/h5>\t\t\t\t\t\t\t\t<\/div>\n\t\t\t\t<\/div>\n\t\t\t\t<div class=\"elementor-element elementor-element-43cc54bc elementor-widget elementor-widget-image\" data-id=\"43cc54bc\" data-element_type=\"widget\" data-settings=\"{&quot;ekit_we_effect_on&quot;:&quot;none&quot;}\" data-widget_type=\"image.default\">\n\t\t\t\t<div class=\"elementor-widget-container\">\n\t\t\t\t\t\t\t\t\t\t\t\t\t\t\t<img loading=\"lazy\" decoding=\"async\" width=\"970\" height=\"600\" src=\"https:\/\/marketitems.shop\/wp-content\/uploads\/2026\/03\/11-1.jpg\" class=\"attachment-large size-large wp-image-13455 wvs-archive-product-image\" alt=\"\" srcset=\"https:\/\/marketitems.shop\/wp-content\/uploads\/2026\/03\/11-1.jpg 970w, https:\/\/marketitems.shop\/wp-content\/uploads\/2026\/03\/11-1-300x186.jpg 300w, https:\/\/marketitems.shop\/wp-content\/uploads\/2026\/03\/11-1-768x475.jpg 768w, https:\/\/marketitems.shop\/wp-content\/uploads\/2026\/03\/11-1-18x12.jpg 18w, https:\/\/marketitems.shop\/wp-content\/uploads\/2026\/03\/11-1-600x371.jpg 600w, https:\/\/marketitems.shop\/wp-content\/uploads\/2026\/03\/11-1-1x1.jpg 1w, https:\/\/marketitems.shop\/wp-content\/uploads\/2026\/03\/11-1-10x6.jpg 10w\" sizes=\"auto, (max-width: 970px) 100vw, 970px\" \/>\t\t\t\t\t\t\t\t\t\t\t\t\t\t\t<\/div>\n\t\t\t\t<\/div>\n\t\t\t\t<div class=\"elementor-element elementor-element-531cdffc elementor-widget elementor-widget-text-editor\" data-id=\"531cdffc\" data-element_type=\"widget\" data-settings=\"{&quot;ekit_we_effect_on&quot;:&quot;none&quot;}\" data-widget_type=\"text-editor.default\">\n\t\t\t\t<div class=\"elementor-widget-container\">\n\t\t\t\t\t\t\t\t\t<h4 class=\"a-spacing-mini\">Protector antiadherente para ollas y sartenes<\/h4><h6 class=\"a-spacing-mini\">Puede estar seguro de utilizar este juego de utensilios de cocina de silicona para cocinar una cena caliente para sus seres queridos. Cuando los utilice, no tendr\u00e1 que preocuparse de que se peguen a la olla y no causar\u00e1n ara\u00f1azos ni otros da\u00f1os a la olla.<\/h6>\t\t\t\t\t\t\t\t<\/div>\n\t\t\t\t<\/div>\n\t\t\t\t<div class=\"elementor-element elementor-element-35b6a219 elementor-widget elementor-widget-image\" data-id=\"35b6a219\" data-element_type=\"widget\" data-settings=\"{&quot;ekit_we_effect_on&quot;:&quot;none&quot;}\" data-widget_type=\"image.default\">\n\t\t\t\t<div class=\"elementor-widget-container\">\n\t\t\t\t\t\t\t\t\t\t\t\t\t\t\t<img loading=\"lazy\" decoding=\"async\" width=\"970\" height=\"600\" src=\"https:\/\/marketitems.shop\/wp-content\/uploads\/2026\/03\/12.jpg\" class=\"attachment-large size-large wp-image-13456 wvs-archive-product-image\" alt=\"\" srcset=\"https:\/\/marketitems.shop\/wp-content\/uploads\/2026\/03\/12.jpg 970w, https:\/\/marketitems.shop\/wp-content\/uploads\/2026\/03\/12-300x186.jpg 300w, https:\/\/marketitems.shop\/wp-content\/uploads\/2026\/03\/12-768x475.jpg 768w, https:\/\/marketitems.shop\/wp-content\/uploads\/2026\/03\/12-18x12.jpg 18w, https:\/\/marketitems.shop\/wp-content\/uploads\/2026\/03\/12-600x371.jpg 600w, https:\/\/marketitems.shop\/wp-content\/uploads\/2026\/03\/12-1x1.jpg 1w, https:\/\/marketitems.shop\/wp-content\/uploads\/2026\/03\/12-10x6.jpg 10w\" sizes=\"auto, (max-width: 970px) 100vw, 970px\" \/>\t\t\t\t\t\t\t\t\t\t\t\t\t\t\t<\/div>\n\t\t\t\t<\/div>\n\t\t\t\t<div class=\"elementor-element elementor-element-5c664b09 elementor-widget elementor-widget-text-editor\" data-id=\"5c664b09\" data-element_type=\"widget\" data-settings=\"{&quot;ekit_we_effect_on&quot;:&quot;none&quot;}\" data-widget_type=\"text-editor.default\">\n\t\t\t\t<div class=\"elementor-widget-container\">\n\t\t\t\t\t\t\t\t\t<h4 class=\"a-spacing-mini\">446\u2109 Resistente al calor y evita derretirse<\/h4><h5 class=\"a-spacing-base\">Fabricado con silicona respetuosa con la salud, nuestro juego de utensilios de silicona de 12 piezas resiste temperaturas extremas de hasta 446\u00b0F sin derretirse ni deformarse. Usted puede estar seguro de utilizar este juego de utensilios de cocina para cocinar una cena caliente para su loved ones.you no tiene que preocuparse de que se derritan si accidentalmente los deja en la sart\u00e9n durante un tiempo<\/h5>\t\t\t\t\t\t\t\t<\/div>\n\t\t\t\t<\/div>\n\t\t\t\t<div class=\"elementor-element elementor-element-1e4ccbb2 elementor-widget elementor-widget-image\" data-id=\"1e4ccbb2\" data-element_type=\"widget\" data-settings=\"{&quot;ekit_we_effect_on&quot;:&quot;none&quot;}\" data-widget_type=\"image.default\">\n\t\t\t\t<div class=\"elementor-widget-container\">\n\t\t\t\t\t\t\t\t\t\t\t\t\t\t\t<img loading=\"lazy\" decoding=\"async\" width=\"970\" height=\"600\" src=\"https:\/\/marketitems.shop\/wp-content\/uploads\/2026\/03\/13.jpg\" class=\"attachment-large size-large wp-image-13457 wvs-archive-product-image\" alt=\"\" srcset=\"https:\/\/marketitems.shop\/wp-content\/uploads\/2026\/03\/13.jpg 970w, https:\/\/marketitems.shop\/wp-content\/uploads\/2026\/03\/13-300x186.jpg 300w, https:\/\/marketitems.shop\/wp-content\/uploads\/2026\/03\/13-768x475.jpg 768w, https:\/\/marketitems.shop\/wp-content\/uploads\/2026\/03\/13-18x12.jpg 18w, https:\/\/marketitems.shop\/wp-content\/uploads\/2026\/03\/13-600x371.jpg 600w, https:\/\/marketitems.shop\/wp-content\/uploads\/2026\/03\/13-1x1.jpg 1w, https:\/\/marketitems.shop\/wp-content\/uploads\/2026\/03\/13-10x6.jpg 10w\" sizes=\"auto, (max-width: 970px) 100vw, 970px\" \/>\t\t\t\t\t\t\t\t\t\t\t\t\t\t\t<\/div>\n\t\t\t\t<\/div>\n\t\t\t\t<div class=\"elementor-element elementor-element-60825f4b elementor-widget elementor-widget-text-editor\" data-id=\"60825f4b\" data-element_type=\"widget\" data-settings=\"{&quot;ekit_we_effect_on&quot;:&quot;none&quot;}\" data-widget_type=\"text-editor.default\">\n\t\t\t\t<div class=\"elementor-widget-container\">\n\t\t\t\t\t\t\t\t\t<h4 class=\"a-spacing-mini\">F\u00e1cil de limpiar y ocupa poco espacio<\/h4><h5 class=\"a-spacing-base\">El mango de madera no se dobla ni se oxida y reduce completamente la transferencia de calor durante la cocci\u00f3n para evitar quemarse las manos.El pr\u00e1ctico dise\u00f1o con orificios para colgar permite un f\u00e1cil almacenamiento mediante ganchos o colgantes de pared.<\/h5>\t\t\t\t\t\t\t\t<\/div>\n\t\t\t\t<\/div>\n\t\t\t\t<div class=\"elementor-element elementor-element-5512bc6e elementor-widget elementor-widget-text-editor\" data-id=\"5512bc6e\" data-element_type=\"widget\" data-settings=\"{&quot;ekit_we_effect_on&quot;:&quot;none&quot;}\" data-widget_type=\"text-editor.default\">\n\t\t\t\t<div class=\"elementor-widget-container\">\n\t\t\t\t\t\t\t\t\t<!DOCTYPE html>\n<html>\n<head>\n    <meta charset=\"UTF-8\">\n    <meta name=\"viewport\" content=\"width=device-width, initial-scale=1.0\">\n    <style>\n        \/* \u6838\u5fc3\u6837\u5f0f\uff1a\u4fdd\u8bc1\u4e0b\u5212\u7ebf\u8d2f\u7a7f+\u5de6\u5bf9\u9f50\uff0c\u9002\u914d\u53a8\u5177\u53c2\u6570\u5c55\u793a *\/\n        .spec-table {\n            width: 100%; \/* \u53ef\u6539\u56fa\u5b9a\u503c\u5982700px\uff0c\u9002\u914d\u957f\u5c5e\u6027\u540d\u5c55\u793a *\/\n            border-collapse: collapse; \/* \u4e0b\u5212\u7ebf\u65e0\u7f1d\u8d2f\u7a7f\u6574\u884c\u7684\u5173\u952e *\/\n            font-family: Arial, sans-serif;\n            font-size: 14px;\n        }\n        .spec-table tr {\n            border-bottom: 1px solid #000; \/* \u6bcf\u884c\u9ed1\u8272\u4e0b\u5212\u7ebf\uff0c\u53ef\u6539\u989c\u8272\/\u7c97\u7ec6 *\/\n        }\n        .spec-table td {\n            padding: 6px 0; \/* \u4ec5\u4e0a\u4e0b\u7559\u95f4\u8ddd\uff0c\u5de6\u53f3\u65e0\u5185\u8fb9\u8ddd\u4fdd\u8bc1\u4e25\u683c\u9760\u5de6 *\/\n            text-align: left;\n            vertical-align: middle;\n            border: 0; \/* \u6e05\u9664\u9ed8\u8ba4\u8fb9\u6846\uff0c\u907f\u514d\u4e0b\u5212\u7ebf\u65ad\u88c2 *\/\n        }\n        \/* \u5de6\u5217\u52a0\u7c97+65%\u5bbd\u5ea6\uff0c\u9002\u914d\u957f\u5c5e\u6027\u540d\uff08\u5982Special Feature\/Product Care Instructions\uff09 *\/\n        .spec-table td:first-child {\n            font-weight: bold;\n            width: 65%;\n        }\n    <\/style>\n<\/head>\n<body>\n    <table class=\"spec-table\">\n        <tr>\n            <td>Informaci\u00f3n sobre el producto<\/td>\n            <td><\/td> <!-- \u6807\u9898\u884c\u53f3\u4fa7\u7559\u7a7a\uff0c\u4fdd\u6301\u4e24\u5217\u7ed3\u6784\u7edf\u4e00 -->\n        <\/tr>\n        <tr>\n            <td>Material<\/td>\n            <td>Pl\u00e1stico, silicona<\/td>\n        <\/tr>\n        <tr>\n            <td>Instrucciones para el cuidado del producto<\/td>\n            <td>S\u00f3lo lavado a mano<\/td>\n        <\/tr>\n        <tr>\n            <td>Usos recomendados del producto<\/td>\n            <td>Interior<\/td>\n        <\/tr>\n        <tr>\n            <td>Reportaje especial<\/td>\n            <td>Resistente a la decoloraci\u00f3n, Resistente al calor, Antiadherente, No t\u00f3xico, Resistente a las manchas<\/td>\n        <\/tr>\n        <tr>\n            <td>Componentes incluidos<\/td>\n            <td>Hoja para hornear<\/td>\n        <\/tr>\n        <tr>\n            <td>Estilo<\/td>\n            <td>Moderno<\/td>\n        <\/tr>\n        <tr>\n            <td>Resistente a las manchas<\/td>\n            <td>S\u00ed<\/td>\n        <\/tr>\n        <tr>\n            <td>Se puede lavar en el lavavajillas<\/td>\n            <td>No<\/td>\n        <\/tr>\n        <tr>\n            <td>Fabricante<\/td>\n            <td>Weozhcie<\/td>\n        <\/tr>\n        <tr>\n            <td>A\u00f1o de fabricaci\u00f3n<\/td>\n            <td>2025<\/td>\n        <\/tr>\n        <tr>\n            <td>Nombre del juego<\/td>\n            <td>Juego de utensilios de cocina de silicona 12 piezas<\/td>\n        <\/tr>\n    <\/table>\n<\/body>\n<\/html>\t\t\t\t\t\t\t\t<\/div>\n\t\t\t\t<\/div>\n\t\t\t\t\t<\/div>\n\t\t\t\t<\/div>\n\t\t\t\t<\/div>","protected":false},"excerpt":{"rendered":"<p>https:\/\/marketitems.shop\/wp-content\/uploads\/2026\/03\/shipin-.mp4 Lorem ipsum dolor sit amet, consectetur adipiscing elit. Ut elit tellus, luctus nec ullamcorper mattis, pulvinar dapibus leo. Food&#8230;<\/p>","protected":false},"featured_media":13439,"comment_status":"open","ping_status":"closed","template":"","meta":{"_acf_changed":false},"etheme_brands":[],"product_brand":[],"product_cat":[118],"product_tag":[],"class_list":{"0":"post-13433","1":"product","2":"type-product","3":"status-publish","4":"has-post-thumbnail","6":"product_cat-sale-shop","8":"first","9":"instock","10":"sale","11":"shipping-taxable","12":"purchasable","13":"product-type-variable","14":"has-default-attributes","15":"wvs-archive-product-wrapper"},"acf":[],"_links":{"self":[{"href":"https:\/\/marketitems.shop\/es\/wp-json\/wp\/v2\/product\/13433","targetHints":{"allow":["GET"]}}],"collection":[{"href":"https:\/\/marketitems.shop\/es\/wp-json\/wp\/v2\/product"}],"about":[{"href":"https:\/\/marketitems.shop\/es\/wp-json\/wp\/v2\/types\/product"}],"replies":[{"embeddable":true,"href":"https:\/\/marketitems.shop\/es\/wp-json\/wp\/v2\/comments?post=13433"}],"version-history":[{"count":4,"href":"https:\/\/marketitems.shop\/es\/wp-json\/wp\/v2\/product\/13433\/revisions"}],"predecessor-version":[{"id":13465,"href":"https:\/\/marketitems.shop\/es\/wp-json\/wp\/v2\/product\/13433\/revisions\/13465"}],"wp:featuredmedia":[{"embeddable":true,"href":"https:\/\/marketitems.shop\/es\/wp-json\/wp\/v2\/media\/13439"}],"wp:attachment":[{"href":"https:\/\/marketitems.shop\/es\/wp-json\/wp\/v2\/media?parent=13433"}],"wp:term":[{"taxonomy":"brand","embeddable":true,"href":"https:\/\/marketitems.shop\/es\/wp-json\/wp\/v2\/etheme_brands?post=13433"},{"taxonomy":"product_brand","embeddable":true,"href":"https:\/\/marketitems.shop\/es\/wp-json\/wp\/v2\/product_brand?post=13433"},{"taxonomy":"product_cat","embeddable":true,"href":"https:\/\/marketitems.shop\/es\/wp-json\/wp\/v2\/product_cat?post=13433"},{"taxonomy":"product_tag","embeddable":true,"href":"https:\/\/marketitems.shop\/es\/wp-json\/wp\/v2\/product_tag?post=13433"}],"curies":[{"name":"wp","href":"https:\/\/api.w.org\/{rel}","templated":true}]}}