{"id":13260,"date":"2026-01-25T15:13:30","date_gmt":"2026-01-25T15:13:30","guid":{"rendered":"https:\/\/marketitems.shop\/?post_type=product&#038;p=13260"},"modified":"2026-01-25T15:16:36","modified_gmt":"2026-01-25T15:16:36","slug":"deko-8v-cordless-drill-set-126-piece-home-diy-tool-kit-with-case","status":"publish","type":"product","link":"https:\/\/marketitems.shop\/es\/product\/deko-8v-cordless-drill-set-126-piece-home-diy-tool-kit-with-case\/","title":{"rendered":"DEKO Juego de taladros inal\u00e1mbricos de 8V - Kit de 126 piezas para bricolaje dom\u00e9stico con malet\u00edn"},"content":{"rendered":"<div data-elementor-type=\"product-post\" data-elementor-id=\"13260\" class=\"elementor elementor-13260\" data-elementor-post-type=\"product\">\n\t\t\t\t<div class=\"elementor-element elementor-element-33a3c223 e-flex e-con-boxed e-con e-parent\" data-id=\"33a3c223\" data-element_type=\"container\" data-settings=\"{&quot;ekit_has_onepagescroll_dot&quot;:&quot;yes&quot;}\">\n\t\t\t\t\t<div class=\"e-con-inner\">\n\t\t<div class=\"elementor-element elementor-element-6d520b26 e-con-full e-flex e-con e-child\" data-id=\"6d520b26\" data-element_type=\"container\" data-settings=\"{&quot;ekit_has_onepagescroll_dot&quot;:&quot;yes&quot;}\">\n\t\t\t\t<div class=\"elementor-element elementor-element-23c96b66 elementor-widget elementor-widget-video\" data-id=\"23c96b66\" data-element_type=\"widget\" data-settings=\"{&quot;video_type&quot;:&quot;hosted&quot;,&quot;controls&quot;:&quot;yes&quot;,&quot;ekit_we_effect_on&quot;:&quot;none&quot;}\" data-widget_type=\"video.default\">\n\t\t\t\t<div class=\"elementor-widget-container\">\n\t\t\t\t\t\t\t<div class=\"e-hosted-video elementor-wrapper elementor-open-inline\">\n\t\t\t\t\t<video class=\"elementor-video\" src=\"https:\/\/marketitems.shop\/wp-content\/uploads\/2026\/01\/video_2026-01-25_23-04-10.mp4\" controls=\"\" preload=\"metadata\" controlslist=\"nodownload\"><\/video>\n\t\t\t\t<\/div>\n\t\t\t\t\t\t<\/div>\n\t\t\t\t<\/div>\n\t\t\t\t<\/div>\n\t\t<div class=\"elementor-element elementor-element-d0496ba e-con-full e-flex e-con e-child\" data-id=\"d0496ba\" data-element_type=\"container\" data-settings=\"{&quot;ekit_has_onepagescroll_dot&quot;:&quot;yes&quot;}\">\n\t\t\t\t<div class=\"elementor-element elementor-element-c1c7acd elementor-widget elementor-widget-text-editor\" data-id=\"c1c7acd\" data-element_type=\"widget\" data-settings=\"{&quot;ekit_we_effect_on&quot;:&quot;none&quot;}\" data-widget_type=\"text-editor.default\">\n\t\t\t\t<div class=\"elementor-widget-container\">\n\t\t\t\t\t\t\t\t\t<!DOCTYPE html>\n<html lang=\"es\">\n<head>\n    <meta charset=\"UTF-8\">\n    <meta name=\"viewport\" content=\"width=device-width, initial-scale=1.0\">\n    <title>Detalles del Producto<\/title>\n    <style>\n        .product-details {\n            font-family: Arial, sans-serif;\n            font-size: 14px;\n            line-height: 1.5;\n            max-width: 800px;\n            border-collapse: collapse;\n        }\n        .detail-row {\n            display: flex;\n            border-bottom: 1px solid #ddd;\n            padding: 10px 0;\n            align-items: center;\n            min-height: 35px;\n        }\n        .detail-label {\n            flex: 0 0 220px;\n            font-weight: bold;\n            padding-right: 20px;\n            color: #333;\n        }\n        .detail-value {\n            flex: 1;\n            color: #555;\n        }\n        .header-row {\n            background-color: #f5f5f5;\n            border-bottom: 2px solid #000;\n            font-size: 16px;\n            font-weight: bold;\n        }\n        .yes-highlight {\n            color: #27ae60;\n            font-weight: bold;\n        }\n        @media (max-width: 768px) {\n            .detail-label {\n                flex: 0 0 180px;\n            }\n        }\n        @media (max-width: 480px) {\n            .product-details {\n                font-size: 13px;\n            }\n            .detail-label {\n                flex: 0 0 150px;\n            }\n        }\n    <\/style>\n<\/head>\n<body>\n    <div class=\"product-details\">\n        <div class=\"detail-row header-row\">\n            <div class=\"detail-label\">Detalles<\/div>\n            <div class=\"detail-value\"><\/div>\n        <\/div>\n        \n        <div class=\"detail-row\">\n            <div class=\"detail-label\">Bater\u00eda incluida<\/div>\n            <div class=\"detail-value\"><span class=\"yes-highlight\">S\u00cd<\/span><\/div>\n        <\/div>\n        \n        <div class=\"detail-row\">\n            <div class=\"detail-label\">Producto qu\u00edmico de alta preocupaci\u00f3n<\/div>\n            <div class=\"detail-value\">Ninguno<\/div>\n        <\/div>\n        \n        <div class=\"detail-row\">\n            <div class=\"detail-label\">N\u00famero de modelo<\/div>\n            <div class=\"detail-value\">DKCD08XL02 B\/P<\/div>\n        <\/div>\n        \n        <div class=\"detail-row\">\n            <div class=\"detail-label\">Origen<\/div>\n            <div class=\"detail-value\">CN(Origen)<\/div>\n        <\/div>\n        \n        <div class=\"detail-row\">\n            <div class=\"detail-label\">Nombre de la marca<\/div>\n            <div class=\"detail-value\">DEKO<\/div>\n        <\/div>\n        \n        <div class=\"detail-row\">\n            <div class=\"detail-label\">Fuente de Alimentaci\u00f3n<\/div>\n            <div class=\"detail-value\">capital de los estados unidos<\/div>\n        <\/div>\n        \n        <div class=\"detail-row\">\n            <div class=\"detail-label\">Tipo de Taladro<\/div>\n            <div class=\"detail-value\">Taladro Inal\u00e1mbrico<\/div>\n        <\/div>\n        \n        <div class=\"detail-row\">\n            <div class=\"detail-label\">usar<\/div>\n            <div class=\"detail-value\">Bricolaje en casa<\/div>\n        <\/div>\n        \n        <div class=\"detail-row\">\n            <div class=\"detail-label\">Motor<\/div>\n            <div class=\"detail-value\">Cepillado<\/div>\n        <\/div>\n    <\/div>\n<\/body>\n<\/html>\t\t\t\t\t\t\t\t<\/div>\n\t\t\t\t<\/div>\n\t\t\t\t<\/div>\n\t\t\t\t\t<\/div>\n\t\t\t\t<\/div>\n\t\t<div class=\"elementor-element elementor-element-5870a935 e-flex e-con-boxed e-con e-parent\" data-id=\"5870a935\" data-element_type=\"container\" data-settings=\"{&quot;ekit_has_onepagescroll_dot&quot;:&quot;yes&quot;}\">\n\t\t\t\t\t<div class=\"e-con-inner\">\n\t\t\t\t<div class=\"elementor-element elementor-element-287e325a elementor-widget elementor-widget-image\" data-id=\"287e325a\" data-element_type=\"widget\" data-settings=\"{&quot;ekit_we_effect_on&quot;:&quot;none&quot;}\" data-widget_type=\"image.default\">\n\t\t\t\t<div class=\"elementor-widget-container\">\n\t\t\t\t\t\t\t\t\t\t\t\t\t\t\t<img loading=\"lazy\" decoding=\"async\" width=\"970\" height=\"600\" src=\"https:\/\/marketitems.shop\/wp-content\/uploads\/2026\/01\/Sef6a8e7c4a2041d8951293ac39fe7ccbU.webp\" class=\"attachment-full size-full wp-image-13274 wvs-archive-product-image\" alt=\"\" srcset=\"https:\/\/marketitems.shop\/wp-content\/uploads\/2026\/01\/Sef6a8e7c4a2041d8951293ac39fe7ccbU.webp 970w, https:\/\/marketitems.shop\/wp-content\/uploads\/2026\/01\/Sef6a8e7c4a2041d8951293ac39fe7ccbU-300x186.webp 300w, https:\/\/marketitems.shop\/wp-content\/uploads\/2026\/01\/Sef6a8e7c4a2041d8951293ac39fe7ccbU-768x475.webp 768w, https:\/\/marketitems.shop\/wp-content\/uploads\/2026\/01\/Sef6a8e7c4a2041d8951293ac39fe7ccbU-18x12.webp 18w, https:\/\/marketitems.shop\/wp-content\/uploads\/2026\/01\/Sef6a8e7c4a2041d8951293ac39fe7ccbU-600x371.webp 600w, https:\/\/marketitems.shop\/wp-content\/uploads\/2026\/01\/Sef6a8e7c4a2041d8951293ac39fe7ccbU-1x1.webp 1w, https:\/\/marketitems.shop\/wp-content\/uploads\/2026\/01\/Sef6a8e7c4a2041d8951293ac39fe7ccbU-10x6.webp 10w\" sizes=\"auto, (max-width: 970px) 100vw, 970px\" \/>\t\t\t\t\t\t\t\t\t\t\t\t\t\t\t<\/div>\n\t\t\t\t<\/div>\n\t\t\t\t<div class=\"elementor-element elementor-element-61f22311 elementor-widget elementor-widget-image\" data-id=\"61f22311\" data-element_type=\"widget\" data-settings=\"{&quot;ekit_we_effect_on&quot;:&quot;none&quot;}\" data-widget_type=\"image.default\">\n\t\t\t\t<div class=\"elementor-widget-container\">\n\t\t\t\t\t\t\t\t\t\t\t\t\t\t\t<img loading=\"lazy\" decoding=\"async\" width=\"970\" height=\"600\" src=\"https:\/\/marketitems.shop\/wp-content\/uploads\/2026\/01\/S88f8cb1d454147118743e046fba571468.webp\" class=\"attachment-large size-large wp-image-13275 wvs-archive-product-image\" alt=\"\" srcset=\"https:\/\/marketitems.shop\/wp-content\/uploads\/2026\/01\/S88f8cb1d454147118743e046fba571468.webp 970w, https:\/\/marketitems.shop\/wp-content\/uploads\/2026\/01\/S88f8cb1d454147118743e046fba571468-300x186.webp 300w, https:\/\/marketitems.shop\/wp-content\/uploads\/2026\/01\/S88f8cb1d454147118743e046fba571468-768x475.webp 768w, https:\/\/marketitems.shop\/wp-content\/uploads\/2026\/01\/S88f8cb1d454147118743e046fba571468-18x12.webp 18w, https:\/\/marketitems.shop\/wp-content\/uploads\/2026\/01\/S88f8cb1d454147118743e046fba571468-600x371.webp 600w, https:\/\/marketitems.shop\/wp-content\/uploads\/2026\/01\/S88f8cb1d454147118743e046fba571468-1x1.webp 1w, https:\/\/marketitems.shop\/wp-content\/uploads\/2026\/01\/S88f8cb1d454147118743e046fba571468-10x6.webp 10w\" sizes=\"auto, (max-width: 970px) 100vw, 970px\" \/>\t\t\t\t\t\t\t\t\t\t\t\t\t\t\t<\/div>\n\t\t\t\t<\/div>\n\t\t\t\t<div class=\"elementor-element elementor-element-5af4f2c9 elementor-widget elementor-widget-image\" data-id=\"5af4f2c9\" data-element_type=\"widget\" data-settings=\"{&quot;ekit_we_effect_on&quot;:&quot;none&quot;}\" data-widget_type=\"image.default\">\n\t\t\t\t<div class=\"elementor-widget-container\">\n\t\t\t\t\t\t\t\t\t\t\t\t\t\t\t<img loading=\"lazy\" decoding=\"async\" width=\"970\" height=\"300\" src=\"https:\/\/marketitems.shop\/wp-content\/uploads\/2026\/01\/S25d7069c6ec54d1981ff282363453e1af.webp\" class=\"attachment-large size-large wp-image-13276 wvs-archive-product-image\" alt=\"\" srcset=\"https:\/\/marketitems.shop\/wp-content\/uploads\/2026\/01\/S25d7069c6ec54d1981ff282363453e1af.webp 970w, https:\/\/marketitems.shop\/wp-content\/uploads\/2026\/01\/S25d7069c6ec54d1981ff282363453e1af-300x93.webp 300w, https:\/\/marketitems.shop\/wp-content\/uploads\/2026\/01\/S25d7069c6ec54d1981ff282363453e1af-768x238.webp 768w, https:\/\/marketitems.shop\/wp-content\/uploads\/2026\/01\/S25d7069c6ec54d1981ff282363453e1af-18x6.webp 18w, https:\/\/marketitems.shop\/wp-content\/uploads\/2026\/01\/S25d7069c6ec54d1981ff282363453e1af-600x186.webp 600w, https:\/\/marketitems.shop\/wp-content\/uploads\/2026\/01\/S25d7069c6ec54d1981ff282363453e1af-1x1.webp 1w, https:\/\/marketitems.shop\/wp-content\/uploads\/2026\/01\/S25d7069c6ec54d1981ff282363453e1af-10x3.webp 10w\" sizes=\"auto, (max-width: 970px) 100vw, 970px\" \/>\t\t\t\t\t\t\t\t\t\t\t\t\t\t\t<\/div>\n\t\t\t\t<\/div>\n\t\t\t\t<div class=\"elementor-element elementor-element-3daa5130 elementor-widget elementor-widget-image\" data-id=\"3daa5130\" data-element_type=\"widget\" data-settings=\"{&quot;ekit_we_effect_on&quot;:&quot;none&quot;}\" data-widget_type=\"image.default\">\n\t\t\t\t<div class=\"elementor-widget-container\">\n\t\t\t\t\t\t\t\t\t\t\t\t\t\t\t<img loading=\"lazy\" decoding=\"async\" width=\"970\" height=\"300\" src=\"https:\/\/marketitems.shop\/wp-content\/uploads\/2026\/01\/S7b5a7a69b77c4d5b8af2e4fdbf8a6da4a.webp\" class=\"attachment-large size-large wp-image-13277 wvs-archive-product-image\" alt=\"\" srcset=\"https:\/\/marketitems.shop\/wp-content\/uploads\/2026\/01\/S7b5a7a69b77c4d5b8af2e4fdbf8a6da4a.webp 970w, https:\/\/marketitems.shop\/wp-content\/uploads\/2026\/01\/S7b5a7a69b77c4d5b8af2e4fdbf8a6da4a-300x93.webp 300w, https:\/\/marketitems.shop\/wp-content\/uploads\/2026\/01\/S7b5a7a69b77c4d5b8af2e4fdbf8a6da4a-768x238.webp 768w, https:\/\/marketitems.shop\/wp-content\/uploads\/2026\/01\/S7b5a7a69b77c4d5b8af2e4fdbf8a6da4a-18x6.webp 18w, https:\/\/marketitems.shop\/wp-content\/uploads\/2026\/01\/S7b5a7a69b77c4d5b8af2e4fdbf8a6da4a-600x186.webp 600w, https:\/\/marketitems.shop\/wp-content\/uploads\/2026\/01\/S7b5a7a69b77c4d5b8af2e4fdbf8a6da4a-1x1.webp 1w, https:\/\/marketitems.shop\/wp-content\/uploads\/2026\/01\/S7b5a7a69b77c4d5b8af2e4fdbf8a6da4a-10x3.webp 10w\" sizes=\"auto, (max-width: 970px) 100vw, 970px\" \/>\t\t\t\t\t\t\t\t\t\t\t\t\t\t\t<\/div>\n\t\t\t\t<\/div>\n\t\t\t\t<div class=\"elementor-element elementor-element-47bfe2b9 elementor-widget elementor-widget-image\" data-id=\"47bfe2b9\" data-element_type=\"widget\" data-settings=\"{&quot;ekit_we_effect_on&quot;:&quot;none&quot;}\" data-widget_type=\"image.default\">\n\t\t\t\t<div class=\"elementor-widget-container\">\n\t\t\t\t\t\t\t\t\t\t\t\t\t\t\t<img loading=\"lazy\" decoding=\"async\" width=\"970\" height=\"300\" src=\"https:\/\/marketitems.shop\/wp-content\/uploads\/2026\/01\/S0631e6dfdcce4def824504594b86d4a2h.webp\" class=\"attachment-large size-large wp-image-13278 wvs-archive-product-image\" alt=\"\" srcset=\"https:\/\/marketitems.shop\/wp-content\/uploads\/2026\/01\/S0631e6dfdcce4def824504594b86d4a2h.webp 970w, https:\/\/marketitems.shop\/wp-content\/uploads\/2026\/01\/S0631e6dfdcce4def824504594b86d4a2h-300x93.webp 300w, https:\/\/marketitems.shop\/wp-content\/uploads\/2026\/01\/S0631e6dfdcce4def824504594b86d4a2h-768x238.webp 768w, https:\/\/marketitems.shop\/wp-content\/uploads\/2026\/01\/S0631e6dfdcce4def824504594b86d4a2h-18x6.webp 18w, https:\/\/marketitems.shop\/wp-content\/uploads\/2026\/01\/S0631e6dfdcce4def824504594b86d4a2h-600x186.webp 600w, https:\/\/marketitems.shop\/wp-content\/uploads\/2026\/01\/S0631e6dfdcce4def824504594b86d4a2h-1x1.webp 1w, https:\/\/marketitems.shop\/wp-content\/uploads\/2026\/01\/S0631e6dfdcce4def824504594b86d4a2h-10x3.webp 10w\" sizes=\"auto, (max-width: 970px) 100vw, 970px\" \/>\t\t\t\t\t\t\t\t\t\t\t\t\t\t\t<\/div>\n\t\t\t\t<\/div>\n\t\t\t\t<div class=\"elementor-element elementor-element-1fa7bb67 elementor-widget elementor-widget-image\" data-id=\"1fa7bb67\" data-element_type=\"widget\" data-settings=\"{&quot;ekit_we_effect_on&quot;:&quot;none&quot;}\" data-widget_type=\"image.default\">\n\t\t\t\t<div class=\"elementor-widget-container\">\n\t\t\t\t\t\t\t\t\t\t\t\t\t\t\t<img loading=\"lazy\" decoding=\"async\" width=\"970\" height=\"600\" src=\"https:\/\/marketitems.shop\/wp-content\/uploads\/2026\/01\/S6a81f304538243058dd910d3eb51303cU.webp\" class=\"attachment-large size-large wp-image-13279 wvs-archive-product-image\" alt=\"\" srcset=\"https:\/\/marketitems.shop\/wp-content\/uploads\/2026\/01\/S6a81f304538243058dd910d3eb51303cU.webp 970w, https:\/\/marketitems.shop\/wp-content\/uploads\/2026\/01\/S6a81f304538243058dd910d3eb51303cU-300x186.webp 300w, https:\/\/marketitems.shop\/wp-content\/uploads\/2026\/01\/S6a81f304538243058dd910d3eb51303cU-768x475.webp 768w, https:\/\/marketitems.shop\/wp-content\/uploads\/2026\/01\/S6a81f304538243058dd910d3eb51303cU-18x12.webp 18w, https:\/\/marketitems.shop\/wp-content\/uploads\/2026\/01\/S6a81f304538243058dd910d3eb51303cU-600x371.webp 600w, https:\/\/marketitems.shop\/wp-content\/uploads\/2026\/01\/S6a81f304538243058dd910d3eb51303cU-1x1.webp 1w, https:\/\/marketitems.shop\/wp-content\/uploads\/2026\/01\/S6a81f304538243058dd910d3eb51303cU-10x6.webp 10w\" sizes=\"auto, (max-width: 970px) 100vw, 970px\" \/>\t\t\t\t\t\t\t\t\t\t\t\t\t\t\t<\/div>\n\t\t\t\t<\/div>\n\t\t\t\t\t<\/div>\n\t\t\t\t<\/div>\n\t\t\t\t<\/div>","protected":false},"excerpt":{"rendered":"<h1 class=\"a-size-base-plus a-text-bold\">Acerca de este art\u00edculo<\/h1>\n<ul class=\"a-unordered-list a-vertical a-spacing-mini\">\n<li class=\"a-spacing-mini\"><span class=\"a-list-item\">\u30108V Power Cordless Drill with LED\u3011The 8V Power Cordless Drill can be used for drilling in wood and plastic, and also for tightening\/loosening screws.Press the switch to adjust the speed of the electric drill, and the maximum no-load speed of the mini drill is 800r\/min. Equiped with built-in LED light, and the net weight of the hand drill is only 1.65 pounds, and it is easy to operate with one hand.<\/span><\/li>\n<li class=\"a-spacing-mini\"><span class=\"a-list-item\">\u30101.5Ah Rechargeable Battery,type-C cable\u3011This drill is supplied with a type-C 1.5A charging cable.You can connect it to a universal charger or USB output(5Vd.c)to charge the tool.The battery indicator light is at the back of the tool, when the green battery indicator is stable without blinking,the battery is full.<\/span><\/li>\n<li class=\"a-spacing-mini\"><span class=\"a-list-item\">\u3010Ergonomic Design, Easy to Use\u3011Cordless tools are made of alloy steel, chrome plated to prevent corrosion, grip is anti-skid and comfortable. Light, durable, strong, safe and compact tools are perfectly suitable for longer life. Four precision screwdrivers are for smaller fasteners on home appliances and electronics, two full size screwdrivers and bit driver handle when only a manual touch is needed, a hammer, pliers, tape, and box cutter for an all-purpose set for general DIY.<\/span><\/li>\n<li class=\"a-spacing-mini\"><span class=\"a-list-item\">\u3010Multi-functional Cordless Drill Driver Tool Kit\u3011This set of professional household electric tool drills contains the most practical and advanced tools for design, repair or maintenance. It is perfect for decoration, furniture assembly, drilling, cutting, gardening, office or daily home maintenance. Tools are neatly stored in a sturdy case to keep them secure, clean, organized and easy to find.<\/span><\/li>\n<li class=\"a-spacing-mini\"><span class=\"a-list-item\">\u3010Package Included\u30111 *8V Cordless Drill; 1 *hex nut screwdriver; 2 *Screwdriver; 4 *precision Screwdriver; 6 *twisted drills; 8 *hex key; 1 *magneitc bits holder; 10 *50L bits; 18 *25I bits; 9 *1\/4&#8243; sockets; 1 *Measure Tape Ruler; 50 *fasteners; 1 *claw hammer; 1 *adjustable wrench ; 10*Utility Knife Blade ; 1 *Utility knife; 1 *Long Nose Pilers; 1 * User Manual; 1 * 1 Year Warranty.<\/span><\/li>\n<\/ul>","protected":false},"featured_media":13263,"comment_status":"open","ping_status":"closed","template":"","meta":{"_acf_changed":false},"etheme_brands":[],"product_brand":[],"product_cat":[118],"product_tag":[],"class_list":{"0":"post-13260","1":"product","2":"type-product","3":"status-publish","4":"has-post-thumbnail","6":"product_cat-sale-shop","8":"first","9":"instock","10":"sale","11":"shipping-taxable","12":"purchasable","13":"product-type-variable","14":"has-default-attributes","15":"wvs-archive-product-wrapper"},"acf":[],"_links":{"self":[{"href":"https:\/\/marketitems.shop\/es\/wp-json\/wp\/v2\/product\/13260","targetHints":{"allow":["GET"]}}],"collection":[{"href":"https:\/\/marketitems.shop\/es\/wp-json\/wp\/v2\/product"}],"about":[{"href":"https:\/\/marketitems.shop\/es\/wp-json\/wp\/v2\/types\/product"}],"replies":[{"embeddable":true,"href":"https:\/\/marketitems.shop\/es\/wp-json\/wp\/v2\/comments?post=13260"}],"version-history":[{"count":4,"href":"https:\/\/marketitems.shop\/es\/wp-json\/wp\/v2\/product\/13260\/revisions"}],"predecessor-version":[{"id":13287,"href":"https:\/\/marketitems.shop\/es\/wp-json\/wp\/v2\/product\/13260\/revisions\/13287"}],"wp:featuredmedia":[{"embeddable":true,"href":"https:\/\/marketitems.shop\/es\/wp-json\/wp\/v2\/media\/13263"}],"wp:attachment":[{"href":"https:\/\/marketitems.shop\/es\/wp-json\/wp\/v2\/media?parent=13260"}],"wp:term":[{"taxonomy":"brand","embeddable":true,"href":"https:\/\/marketitems.shop\/es\/wp-json\/wp\/v2\/etheme_brands?post=13260"},{"taxonomy":"product_brand","embeddable":true,"href":"https:\/\/marketitems.shop\/es\/wp-json\/wp\/v2\/product_brand?post=13260"},{"taxonomy":"product_cat","embeddable":true,"href":"https:\/\/marketitems.shop\/es\/wp-json\/wp\/v2\/product_cat?post=13260"},{"taxonomy":"product_tag","embeddable":true,"href":"https:\/\/marketitems.shop\/es\/wp-json\/wp\/v2\/product_tag?post=13260"}],"curies":[{"name":"wp","href":"https:\/\/api.w.org\/{rel}","templated":true}]}}